{"id":4897,"date":"2016-06-24T08:44:48","date_gmt":"2016-06-24T13:44:48","guid":{"rendered":"http:\/\/capethemes.com\/demo\/cityofwp\/?page_id=4897"},"modified":"2026-04-15T12:38:33","modified_gmt":"2026-04-15T17:38:33","slug":"nosotros","status":"publish","type":"page","link":"https:\/\/cecap.com.pa\/en\/nosotros\/","title":{"rendered":"About Us"},"content":{"rendered":"<div class=\"wpb-content-wrapper\">[vc_row][vc_column][vc_column_text css=&#8221;&#8221;]Founded in 1994, CeCAP is an institution sponsored by the Chamber of Commerce, Industries and Agriculture of Panama and other business associations. Its primary objective is to promote the use of arbitration, mediation, and conciliation as methods for resolving disputes within the national and international business community through its various services.<\/p>\n<p>In the era of business and trade alliances, the rapid, specialized, and cost-effective resolution of disputes is fundamental for attracting foreign investment and ensuring legal certainty.[\/vc_column_text][vc_empty_space][\/vc_column][\/vc_row][vc_row][vc_column][vc_custom_heading text=&#8221;Structure&#8221; font_container=&#8221;tag:h2|text_align:center&#8221; use_theme_fonts=&#8221;yes&#8221; css=&#8221;&#8221;][vc_column_text css=&#8221;&#8221;]The Center has a Board of Directors, which is its governing body for its institutional policies, and administratively, it has a Directorate, two Secretariats (Arbitration and Mediation and Conciliation), an Administrative Coordination, a Legal Assistant, a document digitizer, and a Special Projects Coordination.[\/vc_column_text][vc_single_image image=&#8221;12132&#8243; img_size=&#8221;full&#8221; css=&#8221;&#8221;][vc_empty_space][\/vc_column][\/vc_row][vc_row][vc_column][vc_custom_heading text=&#8221;Alliances&#8221; font_container=&#8221;tag:h2|text_align:center&#8221; use_theme_fonts=&#8221;yes&#8221; css=&#8221;&#8221;][vc_column_text css=&#8221;&#8221;]The Panama Arbitration and Conciliation Center has established alliances with:<\/p>\n<p>\u279c <a href=\"https:\/\/tadpan-cecap.org\/\" target=\"_blank\" rel=\"noopener noreferrer\">Tribunal de Arbitraje Deportivo de Panam\u00e1 (TADPAN)<\/a><\/p>\n<p>\u279c <a href=\"https:\/\/www.panacamara.com\/cecap-y-cecomap-lanzan-servicios-de-arbitraje-maritimo-en-panama\/\" target=\"_blank\" rel=\"noopener noreferrer\">Centro de Conciliaci\u00f3n y Arbitraje Mar\u00edtimo de Panam\u00e1 (CECOMAP)<\/a><\/p>\n<p>\u279c <a href=\"https:\/\/ciac-adr.org\/\" target=\"_blank\" rel=\"noopener noreferrer\">Comisi\u00f3n Interamericana de Arbitraje Comercial (CIAC)<\/a><\/p>\n<p>\u279c <a href=\"https:\/\/siac.org.sg\/\">Singapore International Arbitration Centre (SIAC)<\/a>[\/vc_column_text][\/vc_column][\/vc_row]\n<\/div>","protected":false},"excerpt":{"rendered":"<p>vc_rowvc_columnvc_column_text css=&#8221;&#8221;Founded in 1994, CeCAP is an institution sponsored by the Chamber of Commerce, Industries and Agriculture of Panama and other business associations. Its primary objective is to promote the use of arbitration, mediation, and conciliation as methods for resolving disputes within the national and international business community through its various services. In the era &hellip;<\/p>\n","protected":false},"author":1,"featured_media":0,"parent":0,"menu_order":0,"comment_status":"closed","ping_status":"closed","template":"template-fullwidth.php","meta":{"inline_featured_image":false,"footnotes":""},"class_list":["post-4897","page","type-page","status-publish","hentry"],"_links":{"self":[{"href":"https:\/\/cecap.com.pa\/en\/wp-json\/wp\/v2\/pages\/4897","targetHints":{"allow":["GET"]}}],"collection":[{"href":"https:\/\/cecap.com.pa\/en\/wp-json\/wp\/v2\/pages"}],"about":[{"href":"https:\/\/cecap.com.pa\/en\/wp-json\/wp\/v2\/types\/page"}],"author":[{"embeddable":true,"href":"https:\/\/cecap.com.pa\/en\/wp-json\/wp\/v2\/users\/1"}],"replies":[{"embeddable":true,"href":"https:\/\/cecap.com.pa\/en\/wp-json\/wp\/v2\/comments?post=4897"}],"version-history":[{"count":6,"href":"https:\/\/cecap.com.pa\/en\/wp-json\/wp\/v2\/pages\/4897\/revisions"}],"predecessor-version":[{"id":12134,"href":"https:\/\/cecap.com.pa\/en\/wp-json\/wp\/v2\/pages\/4897\/revisions\/12134"}],"wp:attachment":[{"href":"https:\/\/cecap.com.pa\/en\/wp-json\/wp\/v2\/media?parent=4897"}],"curies":[{"name":"wp","href":"https:\/\/api.w.org\/{rel}","templated":true}]}}