{"id":5107,"date":"2018-08-22T15:13:40","date_gmt":"2018-08-22T15:13:40","guid":{"rendered":"http:\/\/cecap.com.pa\/demo\/?page_id=5107"},"modified":"2020-03-13T11:36:26","modified_gmt":"2020-03-13T16:36:26","slug":"reglamento-de-cecap","status":"publish","type":"page","link":"https:\/\/cecap.com.pa\/en\/reglamento-de-cecap\/","title":{"rendered":"Reglamento de CeCAP"},"content":{"rendered":"<div class=\"wpb-content-wrapper\">[vc_row][vc_column][vc_column_text]El CeCAP cuenta con reglamentos para la prestaci\u00f3n de sus servicios de administraci\u00f3n de arbitraje, conciliaci\u00f3n y mediaci\u00f3n. En cada uno de ellos, se detallan todos los pasos desde la presentaci\u00f3n de la solicitud hasta el dictamen del fallo o laudo, en el caso del arbitraje; y desde la presentaci\u00f3n de la solicitud hasta el acuerdo de mediaci\u00f3n o conciliaci\u00f3n.<br \/>\nCon cada uno de estos documentos, las partes pueden anticipar cada una de las fases de los procedimientos.<\/p>\n<p>El CeCAP tambi\u00e9n cuenta con un C\u00f3digo de \u00c9tica para \u00e1rbitros y un C\u00f3digo de \u00c9tica para Mediadores, los cuales forman parte del contenido de los reglamentos de la instituci\u00f3n.<\/p>\n<p>Reglamento Actual de Arbitraje <strong>(Vigente desde 1 agosto 2015)<\/strong><br \/>\n<a href=\"https:\/\/cecap.com.pa\/wp-content\/uploads\/2019\/03\/1-Reglamento-Arbitraje-P%C3%A1gina-Web.pdf\" class=\"su-button su-button-style-glass modal-link su-button-wide\" style=\"color:#FFFFFF;background-color:#012343;border-color:#011c36;border-radius:8px\" target=\"_blank\" rel=\"noopener noreferrer\"><span style=\"color:#FFFFFF;padding:0px 22px;font-size:17px;line-height:34px;border-color:#4e657c;border-radius:8px;text-shadow:none\"> Ver Reglamento en PDF<\/span><\/a>[\/vc_column_text][\/vc_column][\/vc_row]\n<\/div>","protected":false},"excerpt":{"rendered":"<p>vc_rowvc_columnvc_column_textEl CeCAP cuenta con reglamentos para la prestaci\u00f3n de sus servicios de administraci\u00f3n de arbitraje, conciliaci\u00f3n y mediaci\u00f3n. En cada uno de ellos, se detallan todos los pasos desde la presentaci\u00f3n de la solicitud hasta el dictamen del fallo o laudo, en el caso del arbitraje; y desde la presentaci\u00f3n de la solicitud hasta el &hellip;<\/p>\n","protected":false},"author":1,"featured_media":0,"parent":0,"menu_order":0,"comment_status":"closed","ping_status":"closed","template":"","meta":{"inline_featured_image":false,"footnotes":""},"class_list":["post-5107","page","type-page","status-publish","hentry"],"_links":{"self":[{"href":"https:\/\/cecap.com.pa\/en\/wp-json\/wp\/v2\/pages\/5107","targetHints":{"allow":["GET"]}}],"collection":[{"href":"https:\/\/cecap.com.pa\/en\/wp-json\/wp\/v2\/pages"}],"about":[{"href":"https:\/\/cecap.com.pa\/en\/wp-json\/wp\/v2\/types\/page"}],"author":[{"embeddable":true,"href":"https:\/\/cecap.com.pa\/en\/wp-json\/wp\/v2\/users\/1"}],"replies":[{"embeddable":true,"href":"https:\/\/cecap.com.pa\/en\/wp-json\/wp\/v2\/comments?post=5107"}],"version-history":[{"count":6,"href":"https:\/\/cecap.com.pa\/en\/wp-json\/wp\/v2\/pages\/5107\/revisions"}],"predecessor-version":[{"id":6289,"href":"https:\/\/cecap.com.pa\/en\/wp-json\/wp\/v2\/pages\/5107\/revisions\/6289"}],"wp:attachment":[{"href":"https:\/\/cecap.com.pa\/en\/wp-json\/wp\/v2\/media?parent=5107"}],"curies":[{"name":"wp","href":"https:\/\/api.w.org\/{rel}","templated":true}]}}